{"id":1572,"date":"2024-10-09T15:13:41","date_gmt":"2024-10-09T13:13:41","guid":{"rendered":"https:\/\/puredevelopment.auxodev1.dk\/?page_id=1572"},"modified":"2024-11-14T18:56:48","modified_gmt":"2024-11-14T17:56:48","slug":"coaching","status":"publish","type":"page","link":"https:\/\/puredevelopment.auxodev1.dk\/en\/coaching\/","title":{"rendered":"Coaching"},"content":{"rendered":"<div data-elementor-type=\"wp-page\" data-elementor-id=\"1572\" class=\"elementor elementor-1572\" data-elementor-post-type=\"page\">\n\t\t\t\t<div class=\"elementor-element elementor-element-b58c32c e-flex e-con-boxed e-con e-parent\" data-id=\"b58c32c\" data-element_type=\"container\" data-settings=\"{&quot;background_background&quot;:&quot;classic&quot;}\">\n\t\t\t\t\t<div class=\"e-con-inner\">\n\t\t\t\t\t<\/div>\n\t\t\t\t<\/div>\n\t\t<div class=\"elementor-element elementor-element-a492800 e-flex e-con-boxed e-con e-parent\" data-id=\"a492800\" data-element_type=\"container\">\n\t\t\t\t\t<div class=\"e-con-inner\">\n\t\t<div class=\"elementor-element elementor-element-2880127 e-con-full e-flex e-con e-child\" data-id=\"2880127\" data-element_type=\"container\">\n\t\t<div class=\"elementor-element elementor-element-2396495 e-con-full e-flex e-con e-child\" data-id=\"2396495\" data-element_type=\"container\">\n\t\t\t\t<div class=\"elementor-element elementor-element-812ead1 elementor-widget elementor-widget-heading\" data-id=\"812ead1\" data-element_type=\"widget\" data-widget_type=\"heading.default\">\n\t\t\t\t<div class=\"elementor-widget-container\">\n\t\t\t<h2 class=\"elementor-heading-title elementor-size-default\"><b>Coaching modul til dig som leder\n<\/b><\/h2>\t\t<\/div>\n\t\t\t\t<\/div>\n\t\t\t\t<\/div>\n\t\t<div class=\"elementor-element elementor-element-49e003d e-con-full e-flex e-con e-child\" data-id=\"49e003d\" data-element_type=\"container\">\n\t\t<div class=\"elementor-element elementor-element-faa3a26 e-con-full e-flex e-con e-child\" data-id=\"faa3a26\" data-element_type=\"container\">\n\t\t\t\t<div class=\"elementor-element elementor-element-3d16591 elementor-widget elementor-widget-heading\" data-id=\"3d16591\" data-element_type=\"widget\" data-widget_type=\"heading.default\">\n\t\t\t\t<div class=\"elementor-widget-container\">\n\t\t\t<h3 class=\"elementor-heading-title elementor-size-default\">Coaching steps and process: <\/h3>\t\t<\/div>\n\t\t\t\t<\/div>\n\t\t\t\t<div class=\"elementor-element elementor-element-4ec0f11 elementor-widget elementor-widget-text-editor\" data-id=\"4ec0f11\" data-element_type=\"widget\" data-widget_type=\"text-editor.default\">\n\t\t\t\t<div class=\"elementor-widget-container\">\n\t\t\t\t\t\t\t<p>Based on Sofia Manning's 6 step coaching model. The coaching will meet the International Coach Federation (ICF) standard.<\/p><p>Under et afklarende m\u00f8de unders\u00f8ger vi, hvad du gerne vil have fokus p\u00e5. Nedenfor er der forslag til coaching emner.<\/p>\t\t\t\t\t\t<\/div>\n\t\t\t\t<\/div>\n\t\t\t\t<\/div>\n\t\t<div class=\"elementor-element elementor-element-09cd3af e-con-full e-flex e-con e-child\" data-id=\"09cd3af\" data-element_type=\"container\">\n\t\t\t\t<div class=\"elementor-element elementor-element-ccf2d51 elementor-widget elementor-widget-heading\" data-id=\"ccf2d51\" data-element_type=\"widget\" data-widget_type=\"heading.default\">\n\t\t\t\t<div class=\"elementor-widget-container\">\n\t\t\t<h3 class=\"elementor-heading-title elementor-size-default\">Mapping of values:<\/h3>\t\t<\/div>\n\t\t\t\t<\/div>\n\t\t\t\t<div class=\"elementor-element elementor-element-ee2b525 elementor-widget elementor-widget-text-editor\" data-id=\"ee2b525\" data-element_type=\"widget\" data-widget_type=\"text-editor.default\">\n\t\t\t\t<div class=\"elementor-widget-container\">\n\t\t\t\t\t\t\tTogether with the coachee, existing and desired values \u200b\u200bare mapped.\t\t\t\t\t\t<\/div>\n\t\t\t\t<\/div>\n\t\t\t\t<\/div>\n\t\t<div class=\"elementor-element elementor-element-e86c5b9 e-con-full e-flex e-con e-child\" data-id=\"e86c5b9\" data-element_type=\"container\">\n\t\t\t\t<div class=\"elementor-element elementor-element-c487e58 elementor-widget elementor-widget-heading\" data-id=\"c487e58\" data-element_type=\"widget\" data-widget_type=\"heading.default\">\n\t\t\t\t<div class=\"elementor-widget-container\">\n\t\t\t<h3 class=\"elementor-heading-title elementor-size-default\">Beliefs:<\/h3>\t\t<\/div>\n\t\t\t\t<\/div>\n\t\t\t\t<div class=\"elementor-element elementor-element-b31ea33 elementor-widget elementor-widget-text-editor\" data-id=\"b31ea33\" data-element_type=\"widget\" data-widget_type=\"text-editor.default\">\n\t\t\t\t<div class=\"elementor-widget-container\">\n\t\t\t\t\t\t\tTogether with the coachee, different stories and beliefs are made visible. Alternative perspectives and solutions are being investigated.\t\t\t\t\t\t<\/div>\n\t\t\t\t<\/div>\n\t\t\t\t<\/div>\n\t\t<div class=\"elementor-element elementor-element-250bda8 e-con-full e-flex e-con e-child\" data-id=\"250bda8\" data-element_type=\"container\">\n\t\t\t\t<div class=\"elementor-element elementor-element-b94f434 elementor-widget elementor-widget-heading\" data-id=\"b94f434\" data-element_type=\"widget\" data-widget_type=\"heading.default\">\n\t\t\t\t<div class=\"elementor-widget-container\">\n\t\t\t<h3 class=\"elementor-heading-title elementor-size-default\">Wheel of Life:<\/h3>\t\t<\/div>\n\t\t\t\t<\/div>\n\t\t\t\t<div class=\"elementor-element elementor-element-f64a08d elementor-widget elementor-widget-text-editor\" data-id=\"f64a08d\" data-element_type=\"widget\" data-widget_type=\"text-editor.default\">\n\t\t\t\t<div class=\"elementor-widget-container\">\n\t\t\t\t\t\t\t<p>Together with the coachee, an overview of areas of life and desired development is created.<\/p>\t\t\t\t\t\t<\/div>\n\t\t\t\t<\/div>\n\t\t\t\t<\/div>\n\t\t<div class=\"elementor-element elementor-element-4e41807 e-con-full e-flex e-con e-child\" data-id=\"4e41807\" data-element_type=\"container\">\n\t\t\t\t<div class=\"elementor-element elementor-element-3c84099 elementor-widget elementor-widget-heading\" data-id=\"3c84099\" data-element_type=\"widget\" data-widget_type=\"heading.default\">\n\t\t\t\t<div class=\"elementor-widget-container\">\n\t\t\t<h3 class=\"elementor-heading-title elementor-size-default\">Session a 60 min - 1.250 DKK *<\/h3>\t\t<\/div>\n\t\t\t\t<\/div>\n\t\t\t\t<div class=\"elementor-element elementor-element-e756b51 elementor-widget elementor-widget-text-editor\" data-id=\"e756b51\" data-element_type=\"widget\" data-widget_type=\"text-editor.default\">\n\t\t\t\t<div class=\"elementor-widget-container\">\n\t\t\t\t\t\t\t<p>* Excluding VAT and travel costs<\/p>\t\t\t\t\t\t<\/div>\n\t\t\t\t<\/div>\n\t\t\t\t<\/div>\n\t\t\t\t<\/div>\n\t\t\t\t<\/div>\n\t\t<div class=\"elementor-element elementor-element-4973e2a e-con-full e-flex e-con e-child\" data-id=\"4973e2a\" data-element_type=\"container\" data-settings=\"{&quot;background_background&quot;:&quot;classic&quot;}\">\n\t\t\t\t<\/div>\n\t\t\t\t\t<\/div>\n\t\t\t\t<\/div>\n\t\t<div class=\"elementor-element elementor-element-823fff1 e-flex e-con-boxed e-con e-parent\" data-id=\"823fff1\" data-element_type=\"container\">\n\t\t\t\t\t<div class=\"e-con-inner\">\n\t\t<div class=\"elementor-element elementor-element-5c123c4 e-con-full e-flex e-con e-child\" data-id=\"5c123c4\" data-element_type=\"container\" data-settings=\"{&quot;background_background&quot;:&quot;classic&quot;}\">\n\t\t\t\t<\/div>\n\t\t<div class=\"elementor-element elementor-element-0fb0c26 e-con-full e-flex e-con e-child\" data-id=\"0fb0c26\" data-element_type=\"container\">\n\t\t<div class=\"elementor-element elementor-element-c7c91c9 e-con-full e-flex e-con e-child\" data-id=\"c7c91c9\" data-element_type=\"container\">\n\t\t\t\t<div class=\"elementor-element elementor-element-a154a4d elementor-widget elementor-widget-heading\" data-id=\"a154a4d\" data-element_type=\"widget\" data-widget_type=\"heading.default\">\n\t\t\t\t<div class=\"elementor-widget-container\">\n\t\t\t<h2 class=\"elementor-heading-title elementor-size-default\"><b>Coaching modul for dig og dit team<\/b><\/h2>\t\t<\/div>\n\t\t\t\t<\/div>\n\t\t\t\t<\/div>\n\t\t<div class=\"elementor-element elementor-element-33fd6ea e-con-full e-flex e-con e-child\" data-id=\"33fd6ea\" data-element_type=\"container\">\n\t\t<div class=\"elementor-element elementor-element-2fcc9d7 e-con-full e-flex e-con e-child\" data-id=\"2fcc9d7\" data-element_type=\"container\">\n\t\t\t\t<div class=\"elementor-element elementor-element-a2ac257 elementor-widget elementor-widget-heading\" data-id=\"a2ac257\" data-element_type=\"widget\" data-widget_type=\"heading.default\">\n\t\t\t\t<div class=\"elementor-widget-container\">\n\t\t\t<h3 class=\"elementor-heading-title elementor-size-default\">Coaching steps and process: <\/h3>\t\t<\/div>\n\t\t\t\t<\/div>\n\t\t\t\t<div class=\"elementor-element elementor-element-03b19b1 elementor-widget elementor-widget-text-editor\" data-id=\"03b19b1\" data-element_type=\"widget\" data-widget_type=\"text-editor.default\">\n\t\t\t\t<div class=\"elementor-widget-container\">\n\t\t\t\t\t\t\t<p>Based on Sofia Manning's 6 step coaching model. The coaching will meet the International Coach Federation (ICF) standard.<\/p><p>Under et afklarende m\u00f8de unders\u00f8ger vi, hvad du og dit team \u00f8nsker at have fokus p\u00e5. Der er eksempler p\u00e5 emner nedenfor.<\/p>\t\t\t\t\t\t<\/div>\n\t\t\t\t<\/div>\n\t\t\t\t<\/div>\n\t\t<div class=\"elementor-element elementor-element-2996db1 e-con-full e-flex e-con e-child\" data-id=\"2996db1\" data-element_type=\"container\">\n\t\t\t\t<div class=\"elementor-element elementor-element-8071db5 elementor-widget elementor-widget-heading\" data-id=\"8071db5\" data-element_type=\"widget\" data-widget_type=\"heading.default\">\n\t\t\t\t<div class=\"elementor-widget-container\">\n\t\t\t<h3 class=\"elementor-heading-title elementor-size-default\">Kortl\u00e6gning af teamets v\u00e6rdier for samarbejde:<\/h3>\t\t<\/div>\n\t\t\t\t<\/div>\n\t\t\t\t<div class=\"elementor-element elementor-element-492331c elementor-widget elementor-widget-text-editor\" data-id=\"492331c\" data-element_type=\"widget\" data-widget_type=\"text-editor.default\">\n\t\t\t\t<div class=\"elementor-widget-container\">\n\t\t\t\t\t\t\t<p>Sammen med teamet kortl\u00e6gges eksisterende og \u00f8nskede v\u00e6rdier for samarbejde.<\/p>\t\t\t\t\t\t<\/div>\n\t\t\t\t<\/div>\n\t\t\t\t<\/div>\n\t\t<div class=\"elementor-element elementor-element-8c37088 e-con-full e-flex e-con e-child\" data-id=\"8c37088\" data-element_type=\"container\">\n\t\t\t\t<div class=\"elementor-element elementor-element-0945e19 elementor-widget elementor-widget-heading\" data-id=\"0945e19\" data-element_type=\"widget\" data-widget_type=\"heading.default\">\n\t\t\t\t<div class=\"elementor-widget-container\">\n\t\t\t<h3 class=\"elementor-heading-title elementor-size-default\">\"Dem og Os\"<\/h3>\t\t<\/div>\n\t\t\t\t<\/div>\n\t\t\t\t<div class=\"elementor-element elementor-element-0ac4811 elementor-widget elementor-widget-text-editor\" data-id=\"0ac4811\" data-element_type=\"widget\" data-widget_type=\"text-editor.default\">\n\t\t\t\t<div class=\"elementor-widget-container\">\n\t\t\t\t\t\t\t<p>I teams eksisterer der ofte sub- eller underteams, som kan virke ekskluderende. Ved at se p\u00e5 \u00e5rsager hertil, alternative perspektiver og l\u00f8sninger kan ofte samment\u00f8mre et team til at f\u00e5 en &#8220;Vi&#8221; kultur.<\/p>\t\t\t\t\t\t<\/div>\n\t\t\t\t<\/div>\n\t\t\t\t<\/div>\n\t\t<div class=\"elementor-element elementor-element-896062f e-con-full e-flex e-con e-child\" data-id=\"896062f\" data-element_type=\"container\">\n\t\t\t\t<div class=\"elementor-element elementor-element-f7ab6eb elementor-widget elementor-widget-heading\" data-id=\"f7ab6eb\" data-element_type=\"widget\" data-widget_type=\"heading.default\">\n\t\t\t\t<div class=\"elementor-widget-container\">\n\t\t\t<h3 class=\"elementor-heading-title elementor-size-default\">Customized team exercises<\/h3>\t\t<\/div>\n\t\t\t\t<\/div>\n\t\t\t\t<\/div>\n\t\t\t\t<\/div>\n\t\t<div class=\"elementor-element elementor-element-d94dd66 e-con-full e-flex e-con e-child\" data-id=\"d94dd66\" data-element_type=\"container\">\n\t\t\t\t<div class=\"elementor-element elementor-element-9288f46 elementor-widget elementor-widget-heading\" data-id=\"9288f46\" data-element_type=\"widget\" data-widget_type=\"heading.default\">\n\t\t\t\t<div class=\"elementor-widget-container\">\n\t\t\t<h3 class=\"elementor-heading-title elementor-size-default\">Heldags team coaching - 9.500 DKK *<\/h3>\t\t<\/div>\n\t\t\t\t<\/div>\n\t\t\t\t<div class=\"elementor-element elementor-element-32fca2f elementor-widget elementor-widget-text-editor\" data-id=\"32fca2f\" data-element_type=\"widget\" data-widget_type=\"text-editor.default\">\n\t\t\t\t<div class=\"elementor-widget-container\">\n\t\t\t\t\t\t\t<p>* Excluding VAT and travel costs<\/p>\t\t\t\t\t\t<\/div>\n\t\t\t\t<\/div>\n\t\t\t\t<\/div>\n\t\t\t\t<\/div>\n\t\t\t\t\t<\/div>\n\t\t\t\t<\/div>\n\t\t<div class=\"elementor-element elementor-element-87765dd e-flex e-con-boxed e-con e-parent\" data-id=\"87765dd\" data-element_type=\"container\">\n\t\t\t\t\t<div class=\"e-con-inner\">\n\t\t<div class=\"elementor-element elementor-element-53b9471 e-con-full custom-forside-cta e-flex e-con e-child\" data-id=\"53b9471\" data-element_type=\"container\" data-settings=\"{&quot;background_background&quot;:&quot;classic&quot;}\">\n\t\t<div class=\"elementor-element elementor-element-e77ae46 e-con-full e-flex e-con e-child\" data-id=\"e77ae46\" data-element_type=\"container\">\n\t\t<div class=\"elementor-element elementor-element-5a273dd e-con-full e-flex e-con e-child\" data-id=\"5a273dd\" data-element_type=\"container\">\n\t\t\t\t<div class=\"elementor-element elementor-element-aeb3702 elementor-widget elementor-widget-heading\" data-id=\"aeb3702\" data-element_type=\"widget\" data-widget_type=\"heading.default\">\n\t\t\t\t<div class=\"elementor-widget-container\">\n\t\t\t<h2 class=\"elementor-heading-title elementor-size-default\"><b>Contact and hear more<\/b><\/h2>\t\t<\/div>\n\t\t\t\t<\/div>\n\t\t\t\t<div class=\"elementor-element elementor-element-a0d94ca elementor-widget elementor-widget-text-editor\" data-id=\"a0d94ca\" data-element_type=\"widget\" data-widget_type=\"text-editor.default\">\n\t\t\t\t<div class=\"elementor-widget-container\">\n\t\t\t\t\t\t\tLet's have a chat together about your needs and wishes within psychological security. Then together we can find exactly the right needs for your company.\t\t\t\t\t\t<\/div>\n\t\t\t\t<\/div>\n\t\t\t\t<\/div>\n\t\t\t\t<div class=\"elementor-element elementor-element-4b43fa8 elementor-align-center elementor-widget elementor-widget-button\" data-id=\"4b43fa8\" data-element_type=\"widget\" data-widget_type=\"button.default\">\n\t\t\t\t<div class=\"elementor-widget-container\">\n\t\t\t\t\t\t\t<div class=\"elementor-button-wrapper\">\n\t\t\t\t\t<a class=\"elementor-button elementor-button-link elementor-size-sm\" href=\"https:\/\/puredevelopment.auxodev1.dk\/en\/kontakt\/\">\n\t\t\t\t\t\t<span class=\"elementor-button-content-wrapper\">\n\t\t\t\t\t\t\t\t\t<span class=\"elementor-button-text\">Call and have a chat<\/span>\n\t\t\t\t\t<\/span>\n\t\t\t\t\t<\/a>\n\t\t\t\t<\/div>\n\t\t\t\t\t\t<\/div>\n\t\t\t\t<\/div>\n\t\t\t\t<\/div>\n\t\t<div class=\"elementor-element elementor-element-070e39d e-con-full e-flex e-con e-child\" data-id=\"070e39d\" data-element_type=\"container\">\n\t\t\t\t<div class=\"elementor-element elementor-element-7ca5c46 elementor-view-default elementor-widget elementor-widget-icon\" data-id=\"7ca5c46\" data-element_type=\"widget\" data-widget_type=\"icon.default\">\n\t\t\t\t<div class=\"elementor-widget-container\">\n\t\t\t\t\t<div class=\"elementor-icon-wrapper\">\n\t\t\t<div class=\"elementor-icon\">\n\t\t\t<svg xmlns=\"http:\/\/www.w3.org\/2000\/svg\" xmlns:xlink=\"http:\/\/www.w3.org\/1999\/xlink\" id=\"Ikon\" width=\"314.05\" height=\"303\" viewbox=\"0 0 314.05 303\"><defs><lineargradient id=\"linear-gradient\" x1=\"0.532\" x2=\"0.139\" y2=\"1\" gradientunits=\"objectBoundingBox\"><stop offset=\"0\" stop-color=\"#799373\"><\/stop><stop offset=\"1\" stop-color=\"#325a28\"><\/stop><\/lineargradient><lineargradient id=\"linear-gradient-2\" x1=\"0.5\" x2=\"0.809\" y2=\"1\" gradientunits=\"objectBoundingBox\"><stop offset=\"0\" stop-color=\"#89739d\"><\/stop><stop offset=\"1\" stop-color=\"#2d1b4d\"><\/stop><\/lineargradient><\/defs><path id=\"Green\" d=\"M89.6,30.092c58.333-41.858,87.072,1.093,22.786,48.18-54.946,40.248-60.194,100.766-47.563,160.5C105.671,168.51,192.7,153.064,197.3,90.345c-13.357,43.283-62.056,47.579-109.663,78.807,3.647-28.227,15.853-53.559,41.185-72.372C150.8,80.463,177.93,50.46,170.737,20.265c43.876,16.553,59.762,71,39.026,113.331-19.768,40.356-104.7,67.349-149.56,132.382A187.466,187.466,0,0,1,83.723,303c40.327-83.514,118.65-93.979,148.422-165.284C272.784,40.4,160.088-48.339,89.6,30.092\" transform=\"translate(73.302 0)\" fill-rule=\"evenodd\" fill=\"url(#linear-gradient)\"><\/path><path id=\"Purple\" d=\"M151.151,30.092C80.659-48.339-32.034,40.4,8.6,137.716,31.5,192.54,83.088,211.4,124.042,255.148q-1.468-6.492-2.645-13.037c-4.726-22.449-6.913-44.6-5.622-65.773C80.426,149.7,46.279,129,43.443,90.345c10.168,32.929,40.787,43.292,75.816,60.12a139.582,139.582,0,0,1,26.376-57.291,139.133,139.133,0,0,0-17.271-14.9C64.079,31.185,92.82-11.767,151.151,30.092\" transform=\"translate(0 0)\" fill-rule=\"evenodd\" fill=\"url(#linear-gradient-2)\"><\/path><\/svg>\t\t\t<\/div>\n\t\t<\/div>\n\t\t\t\t<\/div>\n\t\t\t\t<\/div>\n\t\t\t\t<\/div>\n\t\t\t\t<\/div>\n\t\t\t\t\t<\/div>\n\t\t\t\t<\/div>\n\t\t\t\t<\/div>","protected":false},"excerpt":{"rendered":"<p>Coaching modul til dig som leder Coaching trin og proces: Baseret p\u00e5 Sofia Mannings 6 trins coaching-model. Coachingen vil opfylde International Coach Federation (ICF) standard. Under et afklarende m\u00f8de unders\u00f8ger vi, hvad du gerne vil have fokus p\u00e5. Nedenfor er der forslag til coaching emner. Kortl\u00e6gning af v\u00e6rdier: Sammen med coachee kortl\u00e6gges eksisterende og \u00f8nskede [&hellip;]<\/p>","protected":false},"author":1,"featured_media":0,"parent":0,"menu_order":0,"comment_status":"closed","ping_status":"closed","template":"","meta":{"footnotes":""},"class_list":["post-1572","page","type-page","status-publish","hentry"],"yoast_head":"<!-- This site is optimized with the Yoast SEO plugin v25.1 - https:\/\/yoast.com\/wordpress\/plugins\/seo\/ -->\n<title>Coaching - Pure Development<\/title>\n<meta name=\"robots\" content=\"noindex, follow, max-snippet:-1, max-image-preview:large, max-video-preview:-1\" \/>\n<meta property=\"og:locale\" content=\"en_GB\" \/>\n<meta property=\"og:type\" content=\"article\" \/>\n<meta property=\"og:title\" content=\"Coaching - Pure Development\" \/>\n<meta property=\"og:description\" content=\"Coaching modul til dig som leder Coaching trin og proces: Baseret p\u00e5 Sofia Mannings 6 trins coaching-model. Coachingen vil opfylde International Coach Federation (ICF) standard. Under et afklarende m\u00f8de unders\u00f8ger vi, hvad du gerne vil have fokus p\u00e5. Nedenfor er der forslag til coaching emner. Kortl\u00e6gning af v\u00e6rdier: Sammen med coachee kortl\u00e6gges eksisterende og \u00f8nskede [&hellip;]\" \/>\n<meta property=\"og:url\" content=\"https:\/\/puredevelopment.auxodev1.dk\/en\/coaching\/\" \/>\n<meta property=\"og:site_name\" content=\"Pure Development\" \/>\n<meta property=\"article:modified_time\" content=\"2024-11-14T17:56:48+00:00\" \/>\n<meta name=\"twitter:card\" content=\"summary_large_image\" \/>\n<meta name=\"twitter:label1\" content=\"Estimated reading time\" \/>\n\t<meta name=\"twitter:data1\" content=\"1 minute\" \/>\n<script type=\"application\/ld+json\" class=\"yoast-schema-graph\">{\"@context\":\"https:\/\/schema.org\",\"@graph\":[{\"@type\":\"WebPage\",\"@id\":\"https:\/\/puredevelopment.auxodev1.dk\/coaching\/\",\"url\":\"https:\/\/puredevelopment.auxodev1.dk\/coaching\/\",\"name\":\"Coaching - Pure Development\",\"isPartOf\":{\"@id\":\"https:\/\/puredevelopment.auxodev1.dk\/#website\"},\"datePublished\":\"2024-10-09T13:13:41+00:00\",\"dateModified\":\"2024-11-14T17:56:48+00:00\",\"inLanguage\":\"en-GB\",\"potentialAction\":[{\"@type\":\"ReadAction\",\"target\":[\"https:\/\/puredevelopment.auxodev1.dk\/coaching\/\"]}]},{\"@type\":\"WebSite\",\"@id\":\"https:\/\/puredevelopment.auxodev1.dk\/#website\",\"url\":\"https:\/\/puredevelopment.auxodev1.dk\/\",\"name\":\"Pure Development\",\"description\":\"\",\"publisher\":{\"@id\":\"https:\/\/puredevelopment.auxodev1.dk\/#organization\"},\"potentialAction\":[{\"@type\":\"SearchAction\",\"target\":{\"@type\":\"EntryPoint\",\"urlTemplate\":\"https:\/\/puredevelopment.auxodev1.dk\/?s={search_term_string}\"},\"query-input\":{\"@type\":\"PropertyValueSpecification\",\"valueRequired\":true,\"valueName\":\"search_term_string\"}}],\"inLanguage\":\"en-GB\"},{\"@type\":\"Organization\",\"@id\":\"https:\/\/puredevelopment.auxodev1.dk\/#organization\",\"name\":\"Pure Development\",\"url\":\"https:\/\/puredevelopment.auxodev1.dk\/\",\"logo\":{\"@type\":\"ImageObject\",\"inLanguage\":\"en-GB\",\"@id\":\"https:\/\/puredevelopment.auxodev1.dk\/#\/schema\/logo\/image\/\",\"url\":\"https:\/\/puredevelopment.auxodev1.dk\/wp-content\/uploads\/Logo.svg\",\"contentUrl\":\"https:\/\/puredevelopment.auxodev1.dk\/wp-content\/uploads\/Logo.svg\",\"width\":1000,\"height\":303,\"caption\":\"Pure Development\"},\"image\":{\"@id\":\"https:\/\/puredevelopment.auxodev1.dk\/#\/schema\/logo\/image\/\"}}]}<\/script>\n<!-- \/ Yoast SEO plugin. -->","yoast_head_json":{"title":"Coaching - Pure Development","robots":{"index":"noindex","follow":"follow","max-snippet":"max-snippet:-1","max-image-preview":"max-image-preview:large","max-video-preview":"max-video-preview:-1"},"og_locale":"en_GB","og_type":"article","og_title":"Coaching - Pure Development","og_description":"Coaching modul til dig som leder Coaching trin og proces: Baseret p\u00e5 Sofia Mannings 6 trins coaching-model. Coachingen vil opfylde International Coach Federation (ICF) standard. Under et afklarende m\u00f8de unders\u00f8ger vi, hvad du gerne vil have fokus p\u00e5. Nedenfor er der forslag til coaching emner. Kortl\u00e6gning af v\u00e6rdier: Sammen med coachee kortl\u00e6gges eksisterende og \u00f8nskede [&hellip;]","og_url":"https:\/\/puredevelopment.auxodev1.dk\/en\/coaching\/","og_site_name":"Pure Development","article_modified_time":"2024-11-14T17:56:48+00:00","twitter_card":"summary_large_image","twitter_misc":{"Estimated reading time":"1 minute"},"schema":{"@context":"https:\/\/schema.org","@graph":[{"@type":"WebPage","@id":"https:\/\/puredevelopment.auxodev1.dk\/coaching\/","url":"https:\/\/puredevelopment.auxodev1.dk\/coaching\/","name":"Coaching - Pure Development","isPartOf":{"@id":"https:\/\/puredevelopment.auxodev1.dk\/#website"},"datePublished":"2024-10-09T13:13:41+00:00","dateModified":"2024-11-14T17:56:48+00:00","inLanguage":"en-GB","potentialAction":[{"@type":"ReadAction","target":["https:\/\/puredevelopment.auxodev1.dk\/coaching\/"]}]},{"@type":"WebSite","@id":"https:\/\/puredevelopment.auxodev1.dk\/#website","url":"https:\/\/puredevelopment.auxodev1.dk\/","name":"Pure Development","description":"","publisher":{"@id":"https:\/\/puredevelopment.auxodev1.dk\/#organization"},"potentialAction":[{"@type":"SearchAction","target":{"@type":"EntryPoint","urlTemplate":"https:\/\/puredevelopment.auxodev1.dk\/?s={search_term_string}"},"query-input":{"@type":"PropertyValueSpecification","valueRequired":true,"valueName":"search_term_string"}}],"inLanguage":"en-GB"},{"@type":"Organization","@id":"https:\/\/puredevelopment.auxodev1.dk\/#organization","name":"Pure Development","url":"https:\/\/puredevelopment.auxodev1.dk\/","logo":{"@type":"ImageObject","inLanguage":"en-GB","@id":"https:\/\/puredevelopment.auxodev1.dk\/#\/schema\/logo\/image\/","url":"https:\/\/puredevelopment.auxodev1.dk\/wp-content\/uploads\/Logo.svg","contentUrl":"https:\/\/puredevelopment.auxodev1.dk\/wp-content\/uploads\/Logo.svg","width":1000,"height":303,"caption":"Pure Development"},"image":{"@id":"https:\/\/puredevelopment.auxodev1.dk\/#\/schema\/logo\/image\/"}}]}},"_links":{"self":[{"href":"https:\/\/puredevelopment.auxodev1.dk\/en\/wp-json\/wp\/v2\/pages\/1572","targetHints":{"allow":["GET"]}}],"collection":[{"href":"https:\/\/puredevelopment.auxodev1.dk\/en\/wp-json\/wp\/v2\/pages"}],"about":[{"href":"https:\/\/puredevelopment.auxodev1.dk\/en\/wp-json\/wp\/v2\/types\/page"}],"author":[{"embeddable":true,"href":"https:\/\/puredevelopment.auxodev1.dk\/en\/wp-json\/wp\/v2\/users\/1"}],"replies":[{"embeddable":true,"href":"https:\/\/puredevelopment.auxodev1.dk\/en\/wp-json\/wp\/v2\/comments?post=1572"}],"version-history":[{"count":20,"href":"https:\/\/puredevelopment.auxodev1.dk\/en\/wp-json\/wp\/v2\/pages\/1572\/revisions"}],"predecessor-version":[{"id":3340,"href":"https:\/\/puredevelopment.auxodev1.dk\/en\/wp-json\/wp\/v2\/pages\/1572\/revisions\/3340"}],"wp:attachment":[{"href":"https:\/\/puredevelopment.auxodev1.dk\/en\/wp-json\/wp\/v2\/media?parent=1572"}],"curies":[{"name":"wp","href":"https:\/\/api.w.org\/{rel}","templated":true}]}}